{"id":9,"date":"2019-04-15T10:40:48","date_gmt":"2019-04-15T10:40:48","guid":{"rendered":"http:\/\/andreas-rehwald.de\/?page_id=9"},"modified":"2019-04-15T10:40:48","modified_gmt":"2019-04-15T10:40:48","slug":"impressum","status":"publish","type":"page","link":"http:\/\/andreas-rehwald.de\/?page_id=9","title":{"rendered":"Impressum"},"content":{"rendered":"\n<p>Informationspflicht laut \u00a7 5 TMG.<\/p>\n\n\n\n<p>Andreas Rehwald<\/p>\n\n\n\n<p>Landshuterstrasse 7, <br>84494 Neumarkt Sankt Veit, <br>Deutschland<\/p>\n\n\n\n<p><strong>Tel.:<\/strong> 086399853530<br><strong>E-Mail:<\/strong> <a href=\"mailto:andy(at)andreas-rehwald.de\">andy(at)andreas-rehwald.de<\/a><\/p>\n\n\n\n<p>Quelle: Erstellt&nbsp;mit dem Impressum Generator von <a href=\"https:\/\/www.adsimple.de\/impressum-generator\/\" target=\"_blank\" rel=\"noreferrer noopener\">Content Marketing AdSimple<\/a>&nbsp;in Kooperation mit <a href=\"https:\/\/www.testingly.de\" target=\"_blank\" rel=\"noreferrer noopener\">testingly.de<\/a><\/p>\n\n\n\n<h2 class=\"wp-block-heading\">EU-Streitschlichtung<\/h2>\n\n\n\n<p>Gem\u00e4\u00df\n Verordnung \u00fcber Online-Streitbeilegung in Verbraucherangelegenheiten \n(ODR-Verordnung) m\u00f6chten wir Sie \u00fcber die \nOnline-Streitbeilegungsplattform (OS-Plattform) informieren.<br>\nVerbraucher haben die M\u00f6glichkeit, Beschwerden an die Online Streitbeilegungsplattform der Europ\u00e4ischen Kommission unter <a href=\"https:\/\/ec.europa.eu\/consumers\/odr\/main\/index.cfm?event=main.home2.show&amp;lng=DE\" target=\"_blank\" rel=\"noreferrer noopener\">http:\/\/ec.europa.eu\/odr?tid=321099994<\/a> zu richten. Die daf\u00fcr notwendigen Kontaktdaten finden Sie oberhalb in unserem Impressum.<\/p>\n\n\n\n<p>Wir m\u00f6chten Sie jedoch darauf hinweisen, dass wir nicht bereit oder \nverpflichtet sind, an Streitbeilegungsverfahren vor einer \nVerbraucherschlichtungsstelle teilzunehmen.<\/p>\n\n\n\n<h2 class=\"wp-block-heading\">Haftung f\u00fcr Inhalte dieser Website<\/h2>\n\n\n\n<p>Wir\n entwickeln die Inhalte dieser Webseite st\u00e4ndig weiter und bem\u00fchen uns \nkorrekte und aktuelle Informationen bereitzustellen. Laut \nTelemediengesetz <a href=\"https:\/\/www.gesetze-im-internet.de\/tmg\/__7.html?tid=321099994\" rel=\"noreferrer noopener\" target=\"_blank\">(TMG) \u00a77 (1)<\/a>\n sind wir als Diensteanbieter f\u00fcr eigene Informationen, die wir zur \nNutzung bereitstellen, nach den allgemeinen Gesetzen verantwortlich. \nLeider k\u00f6nnen wir keine Haftung f\u00fcr die Korrektheit aller Inhalte auf \ndieser Webseite \u00fcbernehmen, speziell f\u00fcr jene die seitens Dritter \nbereitgestellt wurden. Als Diensteanbieter im Sinne der \u00a7\u00a7 8 bis 10 sind\n wir nicht verpflichtet, die von ihnen \u00fcbermittelten oder gespeicherten \nInformationen zu \u00fcberwachen oder nach Umst\u00e4nden zu forschen, die auf \neine rechtswidrige T\u00e4tigkeit hinweisen.<\/p>\n\n\n\n<p>Unsere Verpflichtungen zur Entfernung von Informationen oder zur \nSperrung der Nutzung von Informationen nach den allgemeinen Gesetzen \naufgrund von gerichtlichen oder beh\u00f6rdlichen Anordnungen bleiben auch im\n Falle unserer Nichtverantwortlichkeit nach den \u00a7\u00a7 8 bis 10 unber\u00fchrt. <\/p>\n\n\n\n<p>Sollten Ihnen problematische oder rechtswidrige Inhalte auffallen, \nbitte wir Sie uns umgehend zu kontaktieren, damit wir die rechtswidrigen\n Inhalte entfernen k\u00f6nnen. Sie finden die Kontaktdaten im Impressum.<\/p>\n\n\n\n<h2 class=\"wp-block-heading\">Haftung f\u00fcr Links auf dieser Website<\/h2>\n\n\n\n<p>Unsere\n Webseite enth\u00e4lt Links zu anderen Webseiten f\u00fcr deren Inhalt wir nicht \nverantwortlich sind. Haftung f\u00fcr verlinkte Websites besteht f\u00fcr uns \nnicht, da wir keine Kenntnis rechtswidriger T\u00e4tigkeiten hatten und \nhaben, uns solche Rechtswidrigkeiten auch bisher nicht aufgefallen sind \nund wir Links sofort entfernen w\u00fcrden, wenn uns Rechtswidrigkeiten \nbekannt werden.<\/p>\n\n\n\n<p>Wenn Ihnen rechtswidrige Links auf unserer Website auffallen, bitte \nwir Sie uns zu kontaktieren. Sie finden die Kontaktdaten im Impressum.<\/p>\n\n\n\n<h2 class=\"wp-block-heading\">Urheberrechtshinweis<\/h2>\n\n\n\n<p>Alle\n Inhalte dieser Webseite (Bilder, Fotos, Texte, Videos) unterliegen dem \nUrheberrecht der Bundesrepublik Deutschland. Bitte fragen Sie uns bevor \nSie die Inhalte dieser Website verbreiten, vervielf\u00e4ltigen oder \nverwerten wie zum Beispiel auf anderen Websites erneut ver\u00f6ffentlichen. \nFalls notwendig, werden wir die unerlaubte Nutzung von Teilen der \nInhalte unserer Seite rechtlich verfolgen.<\/p>\n\n\n\n<p>Sollten Sie auf dieser Webseite Inhalte finden, die das Urheberrecht verletzen, bitten wir Sie uns zu kontaktieren.<\/p>\n\n\n\n<h2 class=\"wp-block-heading\">Bildernachweis<\/h2>\n\n\n\n<p>Die Bilder, Fotos und Grafiken auf dieser Webseite sind urheberrechtlich gesch\u00fctzt.<\/p>\n\n\n\n<p>Die Bilderrechte liegen bei den folgenden Fotografen und Unternehmen:<\/p>\n\n\n\n<ul class=\"wp-block-list\"><li>Fotograf Mustermann<\/li><\/ul>\n\n\n\n<h1 class=\"wp-block-heading\">Datenschutzerkl\u00e4rung<\/h1>\n\n\n\n<h2 class=\"wp-block-heading\">Datenschutz<\/h2>\n\n\n\n<p>Wir haben diese Datenschutzerkl\u00e4rung (Fassung 15.04.2019-321099994) verfasst, um Ihnen gem\u00e4\u00df der Vorgaben der <a href=\"https:\/\/eur-lex.europa.eu\/legal-content\/DE\/ALL\/?tid=1234&amp;uri=celex%3A32016R0679&amp;tid=321099994\" target=\"_blank\" rel=\"noreferrer noopener\">Datenschutz-Grundverordnung (EU) 2016\/679<\/a>\n zu erkl\u00e4ren, welche Informationen wir sammeln, wie wir Daten verwenden \nund welche Entscheidungsm\u00f6glichkeiten Sie als Besucher dieser Webseite \nhaben.<\/p>\n\n\n\n<p>Leider liegt es in der Natur der Sache, dass diese Erkl\u00e4rungen sehr \ntechnisch klingen, wir haben uns bei der Erstellung jedoch bem\u00fcht die \nwichtigsten Dinge so einfach und klar wie m\u00f6glich zu beschreiben.<\/p>\n\n\n\n<h2 class=\"wp-block-heading\">Automatische Datenspeicherung<\/h2>\n\n\n\n<p>Wenn\n Sie heutzutage Webseiten besuchen, werden gewisse Informationen \nautomatisch erstellt und gespeichert, so auch auf dieser Webseite.<\/p>\n\n\n\n<p>Wenn Sie unsere Webseite so wie jetzt gerade besuchen, speichert \nunser Webserver (Computer auf dem diese Webseite gespeichert ist) \nautomatisch Daten wie<\/p>\n\n\n\n<ul class=\"wp-block-list\"><li>die Adresse (URL) der aufgerufenen Webseite<\/li><li>Browser und Browserversion<\/li><li>das verwendete Betriebssystem<\/li><li>die Adresse (URL) der zuvor besuchten Seite (Referrer URL)<\/li><li>den Hostname und die IP-Adresse des Ger\u00e4ts von welchem aus zugegriffen wird<\/li><li>Datum und Uhrzeit<\/li><\/ul>\n\n\n\n<p>in Dateien (Webserver-Logfiles).<\/p>\n\n\n\n<p>In der Regel werden Webserver-Logfiles zwei Wochen gespeichert und \ndanach automatisch gel\u00f6scht. Wir geben diese Daten nicht weiter, k\u00f6nnen \njedoch nicht ausschlie\u00dfen, dass diese Daten beim Vorliegen von \nrechtswidrigem Verhalten eingesehen werden.<br>\nDie Rechtsgrundlage besteht nach <a href=\"https:\/\/eur-lex.europa.eu\/legal-content\/DE\/TXT\/HTML\/?uri=CELEX:32016R0679&amp;from=DE&amp;tid=321099994\" target=\"_blank\" rel=\"noreferrer noopener\">Artikel 6&nbsp; Absatz 1 f DSGVO<\/a>\n (Rechtm\u00e4\u00dfigkeit der Verarbeitung) darin, dass berechtigtes Interesse \ndaran besteht, den fehlerfreien Betrieb dieser Webseite durch das \nErfassen von Webserver-Logfiles zu erm\u00f6glichen.<\/p>\n\n\n\n<h2 class=\"wp-block-heading\">Speicherung pers\u00f6nlicher Daten<\/h2>\n\n\n\n<p>Pers\u00f6nliche\n Daten, die Sie uns auf dieser Website elektronisch \u00fcbermitteln, wie zum\n Beispiel Name, E-Mail-Adresse, Adresse oder andere pers\u00f6nlichen Angaben\n im Rahmen der \u00dcbermittlung eines Formulars oder Kommentaren im Blog, \nwerden von uns gemeinsam mit dem Zeitpunkt und der IP-Adresse nur zum \njeweils angegebenen Zweck verwendet, sicher verwahrt und nicht an Dritte\n weitergegeben.<\/p>\n\n\n\n<p>Wir nutzen Ihre pers\u00f6nlichen Daten somit nur f\u00fcr die Kommunikation \nmit jenen Besuchern, die Kontakt ausdr\u00fccklich w\u00fcnschen und f\u00fcr die \nAbwicklung der auf dieser Webseite angebotenen Dienstleistungen und \nProdukte. Wir geben Ihre pers\u00f6nlichen Daten ohne Zustimmung nicht \nweiter, k\u00f6nnen jedoch nicht ausschlie\u00dfen, dass diese Daten beim \nVorliegen von rechtswidrigem Verhalten eingesehen werden.<\/p>\n\n\n\n<p>Wenn Sie uns pers\u00f6nliche Daten per E-Mail schicken \u2013 somit abseits \ndieser Webseite \u2013 k\u00f6nnen wir keine sichere \u00dcbertragung und den Schutz \nIhrer Daten garantieren. Wir empfehlen Ihnen, vertrauliche Daten niemals\n unverschl\u00fcsselt per E-Mail zu \u00fcbermitteln.<\/p>\n\n\n\n<p>Die Rechtsgrundlage besteht nach <a href=\"https:\/\/eur-lex.europa.eu\/legal-content\/DE\/TXT\/HTML\/?uri=CELEX:32016R0679&amp;from=DE&amp;tid=321099994\" target=\"_blank\" rel=\"noreferrer noopener\">Artikel 6&nbsp; Absatz 1 a DSGVO<\/a>\n (Rechtm\u00e4\u00dfigkeit der Verarbeitung) darin, dass Sie uns die Einwilligung \nzur Verarbeitung der von Ihnen eingegebenen Daten geben. Sie k\u00f6nnen \ndiesen Einwilligung jederzeit widerrufen \u2013 eine formlose E-Mail reicht \naus, Sie finden unsere Kontaktdaten im Impressum.<\/p>\n\n\n\n<h2 class=\"wp-block-heading\">Rechte laut Datenschutzgrundverordnung<\/h2>\n\n\n\n<p>Ihnen stehen laut den Bestimmungen der DSGVO grunds\u00e4tzlich die folgende Rechte zu:<\/p>\n\n\n\n<ul class=\"wp-block-list\"><li>Recht auf Berichtung (Artikel 16 DSGVO)<\/li><li>Recht auf L\u00f6schung (\u201eRecht auf Vergessenwerden\u201c) (Artikel 17 DSGVO)<\/li><li>Recht auf Einschr\u00e4nkung der Verarbeitung (Artikel 18 DSGVO)<\/li><li>Recht auf Benachrichtigung \u2013 \nMitteilungspflicht im Zusammenhang mit der Berichtigung oder L\u00f6schung \npersonenbezogener Daten oder der Einschr\u00e4nkung der Verarbeitung (Artikel\n 19 DSGVO)<\/li><li>Recht auf Daten\u00fcbertragbarkeit (Artikel 20 DSGVO)<\/li><li>Widerspruchsrecht (Artikel 21 DSGVO)<\/li><li>Recht, nicht einer ausschlie\u00dflich auf \neiner automatisierten Verarbeitung \u2014 einschlie\u00dflich Profiling \u2014 \nberuhenden Entscheidung unterworfen zu werden (Artikel 22 DSGVO)<\/li><\/ul>\n\n\n\n<p>Wenn Sie glauben, dass die Verarbeitung Ihrer Daten gegen das \nDatenschutzrecht verst\u00f6\u00dft oder Ihre datenschutzrechtlichen Anspr\u00fcche \nsonst in einer Weise verletzt worden sind, k\u00f6nnen Sie sich an die <a href=\"https:\/\/www.bfdi.bund.de\/DE\/Datenschutz\/Ueberblick\/MeineRechte\/Artikel\/BeschwerdeBeiDatenschutzbehoereden.html?tid=321099994\" rel=\"noreferrer noopener\" target=\"_blank\">Bundesbeauftragte f\u00fcr den Datenschutz und die Informationsfreiheit (BfDI)<\/a> wenden. <\/p>\n\n\n\n<h2 class=\"wp-block-heading\">TLS-Verschl\u00fcsselung mit https<\/h2>\n\n\n\n<p>Wir verwenden https um Daten abh\u00f6rsicher im Internet zu \u00fcbertragen (Datenschutz durch Technikgestaltung <a href=\"https:\/\/eur-lex.europa.eu\/legal-content\/DE\/TXT\/HTML\/?uri=CELEX:32016R0679&amp;from=DE&amp;tid=321099994\" target=\"_blank\" rel=\"noreferrer noopener\">Artikel 25 Absatz 1 DSGVO<\/a>).\n Durch den Einsatz von TLS (Transport Layer Security), einem \nVerschl\u00fcsselungsprotokoll zur sicheren Daten\u00fcbertragung im Internet \nk\u00f6nnen wir den Schutz vertraulicher Daten sicherstellen. Sie erkennen \ndie Benutzung dieser Absicherung der Daten\u00fcbertragung am kleinen \nSchlo\u00dfsymbol links oben im Browser und der Verwendung des Schemas https \n(anstatt http) als Teil unserer Internetadresse.<\/p>\n\n\n\n<h2 class=\"wp-block-heading\">Cookies<\/h2>\n\n\n\n<p>Unsere Website verwendet HTTP-Cookies um nutzerspezifische Daten zu speichern.<br>\nEin Cookie ist ein kurzes Datenpaket, welches zwischen Webbrowser und \nWebserver ausgetauscht wird, f\u00fcr diese aber v\u00f6llig bedeutungslos ist und\n erst f\u00fcr die Webanwendung, z. B. einen Online-Shop, eine Bedeutung \nerh\u00e4lt, etwa den Inhalt eines virtuellen Warenkorbes.<\/p>\n\n\n\n<p>Es gibt zwei Arten von Cookies: Erstanbieter-Cookies werden von \nunserer Website erstellt, Drittanbieter-Cookies werden von anderen \nWebsites (z. B. Google Analytics) erstellt.<br>\nBeispielhafte Cookiedaten:<\/p>\n\n\n\n<ul class=\"wp-block-list\"><li>Name: _ga<\/li><li>Ablaufzeit: 2 Jahre<\/li><li>Verwendung: Unterscheidung der Webseitenbesucher<\/li><li>Beispielhafter Wert:&nbsp;GA1.2.1326744211.152321099994<\/li><\/ul>\n\n\n\n<p>Man unterscheidet drei Kategorien von Cookies: unbedingt notwendige \nCookies um grundlegende Funktionen der Website sicherzustellen, \nfunktionelle Cookies um die Leistung der Webseite sicherzustellen und \nzielorientierte Cookies um das Benutzererlebnis zu verbessern.<\/p>\n\n\n\n<p>Wir nutzen Cookies, um unsere Webseite nutzerfreundlicher zu \ngestalten. Einige Cookies bleiben auf Ihrem Endger\u00e4t gespeichert, bis \nSie diese l\u00f6schen. Sie erm\u00f6glichen es uns, Ihren Browser beim n\u00e4chsten \nBesuch wiederzuerkennen.<\/p>\n\n\n\n<h3 class=\"wp-block-heading\">Cookie Einstellungen sehen und Cookies l\u00f6schen<\/h3>\n\n\n\n<p>Wenn Sie feststellen m\u00f6chten, welche Cookies in Ihrem Browser \ngespeichert wurden, Cookie-Einstellungen \u00e4ndern oder Cookies l\u00f6schen \nm\u00f6chten, k\u00f6nnen Sie dies in Ihren Browser-Einstellungen finden:<\/p>\n\n\n\n<ul class=\"wp-block-list\"><li><a href=\"https:\/\/support.apple.com\/de-de\/guide\/safari\/sfri11471\/mac\" target=\"_blank\" rel=\"noreferrer noopener\">Safari: Verwalten von Cookies und Websitedaten mit Safari<\/a><\/li><li><a href=\"https:\/\/support.mozilla.org\/de\/kb\/cookies-loeschen-daten-von-websites-entfernen\" target=\"_blank\" rel=\"noreferrer noopener\">Firefox: Cookies l\u00f6schen, um Daten zu entfernen, die Websites auf Ihrem Computer abgelegt haben<\/a><\/li><li><a href=\"https:\/\/support.google.com\/chrome\/answer\/95647?co=GENIE.Platform%3DDesktop&amp;hl=de\" target=\"_blank\" rel=\"noreferrer noopener\">Chrome: Cookies in Chrome l\u00f6schen, aktivieren und verwalten<\/a><\/li><li><a href=\"https:\/\/support.microsoft.com\/de-de\/help\/17442\/windows-internet-explorer-delete-manage-cookies\" target=\"_blank\" rel=\"noreferrer noopener\">Internet Explorer: L\u00f6schen und Verwalten von Cookies<\/a><\/li><\/ul>\n\n\n\n<p>Wenn Sie die Speicherung von Daten in Cookies nicht w\u00fcnschen, so \nk\u00f6nnen Sie Ihren Browser so einrichten, dass er Sie \u00fcber das Setzen von \nCookies informiert und Sie dies nur im Einzelfall erlauben.&nbsp;Sie k\u00f6nnen \njederzeit Cookies, die sich bereits auf Ihrem Computer befinden, l\u00f6schen\n oder Cookies deaktivieren. Die Vorgangsweise dazu ist nach Browser \nunterschiedlich, am besten Sie suchen die Anleitung in Google mit dem \nSuchbegriff \u201cCookies l\u00f6schen Chrome\u201d oder \u201cCookies deaktivieren Chrome\u201d \nim Falle eines Chrome Browsers oder tauschen das Wort \u201cChrome\u201d gegen den\n Namen Ihres Browsers, z. B. Edge, Firefox, Safari aus.<br>\nWenn Sie uns generell nicht gestatten, Cookies zu nutzen, d.h. diese per\n Browsereinstellung deaktivieren, k\u00f6nnen manche Funktionen und Seiten \nnicht wie erwartet funktionieren.<\/p>\n\n\n\n<h2 class=\"wp-block-heading\">Newsletter Datenschutzerkl\u00e4rung<\/h2>\n\n\n\n<p>Wenn\n Sie sich f\u00fcr unseren Newsletter eintragen \u00fcbermitteln Sie die oben \ngenannten pers\u00f6nlichen Daten und geben uns das Recht Sie per E-Mail zu \nkontaktieren. Die im Rahmen der Anmeldung zum Newsletter gespeicherten \nDaten nutzen wir ausschlie\u00dflich f\u00fcr unseren Newsletter und geben diese \nnicht weiter.<\/p>\n\n\n\n<p>Sollten \nSie sich vom Newsletter abmelden \u2013 Sie finden den Link daf\u00fcr in jedem \nNewsletter ganz unten \u2013 dann l\u00f6schen wir alle Daten die mit der \nAnmeldung zum Newsletter gespeichert wurden.<\/p>\n\n\n\n<h2 class=\"wp-block-heading\">Google Maps Datenschutzerkl\u00e4rung<\/h2>\n\n\n\n<p>Wir verwenden Google Maps der Firma Google Inc. (1600 Amphitheatre Parkway Mountain View, CA 94043, USA) auf unserer Webseite.<\/p>\n\n\n\n<p>Durch die Nutzung der Funktionen dieser Karte werden Daten an Google \n\u00fcbertragen. Welche Daten von Google erfasst werden und wof\u00fcr diese Daten\n verwendet werden, k\u00f6nnen Sie auf <a href=\"https:\/\/www.google.com\/intl\/de\/policies\/privacy\/\">https:\/\/www.google.com\/intl\/de\/policies\/privacy\/<\/a> nachlesen.<\/p>\n\n\n\n<h2 class=\"wp-block-heading\">Eingebettete Social Media Elemente Datenschutzerkl\u00e4rung<\/h2>\n\n\n\n<p>Wir binden auf unserer Webseite Elemente von Social Media Diensten ein um Bilder, Videos und Texte anzuzeigen.<br>\nDurch den Besuch von Seiten die diese Elemente darstellen, werden Daten \nvon Ihrem Browser zum jeweiligen Social Media Dienst \u00fcbertragen und dort\n gespeichert. Wir haben keinen Zugriff auf diese Daten.<br>\nDie folgenden Links f\u00fchren Sie zu den Seiten der jeweiligen Social Media\n Dienste wo erkl\u00e4rt wird, wie diese mit Ihren Daten umgehen:<\/p>\n\n\n\n<ul class=\"wp-block-list\"><li>Instagram-Datenschutzrichtlinie: <a href=\"https:\/\/help.instagram.com\/519522125107875?tid=321099994\" target=\"_blank\" rel=\"noreferrer noopener\">https:\/\/help.instagram.com\/519522125107875<\/a><\/li><li>F\u00fcr YouTube gilt die Google Datenschutzerkl\u00e4rung: <a href=\"https:\/\/policies.google.com\/privacy?hl=de&amp;tid=321099994\" target=\"_blank\" rel=\"noreferrer noopener\">https:\/\/policies.google.com\/privacy?hl=de<\/a><\/li><li>Facebook-Datenrichtline:&nbsp;<a href=\"https:\/\/www.facebook.com\/about\/privacy?tid=321099994\" target=\"_blank\" rel=\"noreferrer noopener\">https:\/\/www.facebook.com\/about\/privacy<\/a><\/li><li>Twitter Datenschutzrichtlinie:&nbsp;<a href=\"https:\/\/twitter.com\/de\/privacy?tid=321099994\" target=\"_blank\" rel=\"noreferrer noopener\">https:\/\/twitter.com\/de\/privacy<\/a><\/li><\/ul>\n\n\n\n<h2 class=\"wp-block-heading\">Facebook Datenschutzerkl\u00e4rung<\/h2>\n\n\n\n<p>Wir\n verwenden auf dieser Webseite Funktionen von Facebook, einem Social \nMedia Network der Firma Facebook Ireland Ltd., 4 Grand Canal Square, \nGrand Canal Harbour, Dublin 2 Ireland.<br>\nWelche Funktionen (Soziale Plug-ins) Facebook bereitstellt, k\u00f6nnen Sie auf <a href=\"https:\/\/developers.facebook.com\/docs\/plugins\/\">https:\/\/developers.facebook.com\/docs\/plugins\/<\/a> nachlesen.<br>\nDurch den Besuch unserer Webseite k\u00f6nnen Informationen an Facebook \n\u00fcbermittelt werden. Wenn Sie \u00fcber ein Facebook-Konto verf\u00fcgen, kann \nFacebook diese Daten Ihrem pers\u00f6nlichen Konto zuordnen. Sollten Sie das \nnicht w\u00fcnschen, melden Sie sich bitte von Facebook ab.<br>\nDie Datenschutzrichtlinien, welche Informationen Facebook sammelt und wie sie diese verwenden finden Sie auf <a href=\"https:\/\/www.facebook.com\/policy.php\">https:\/\/www.facebook.com\/policy.php<\/a>.<\/p>\n\n\n\n<h2 class=\"wp-block-heading\">YouTube Datenschutzerkl\u00e4rung<\/h2>\n\n\n\n<p>Wir verwenden auf dieser Seite des Videodienstes YouTube, der Firma YouTube, LLC, 901 Cherry Ave., San Bruno, CA 94066, USA.<\/p>\n\n\n\n<p>Durch das Aufrufen von Seiten unserer Webseite, die YouTube Videos \nintegriert haben, werden Daten an YouTube \u00fcbertragen, gespeichert und \nausgewertet.<br>\nSollten Sie ein YouTube-Konto haben und angemeldet sein, werden diese \nDaten Ihrem pers\u00f6nlichen Konto und den darin gespeicherten Daten \nzugeordnet.<\/p>\n\n\n\n<p>Welche Daten von Google erfasst werden und wof\u00fcr diese Daten verwendet werden, k\u00f6nnen Sie auf <a href=\"https:\/\/www.google.com\/intl\/de\/policies\/privacy\/\">https:\/\/www.google.com\/intl\/de\/policies\/privacy\/<\/a> nachlesen.<\/p>\n\n\n\n<h2 class=\"wp-block-heading\">Instagram Datenschutzerkl\u00e4rung<\/h2>\n\n\n\n<p>Wir\n verwenden auf unserer Webseite Funktionen des Social Media Netzwerks \nInstagram der Firma Instagram LLC, 1601 Willow Rd, Menlo Park CA 94025, \nUSA.<\/p>\n\n\n\n<p>Mit den Funktionen zum Einbetten von Instagram-Inhalten (Embed-Funktion) k\u00f6nnen wir Bilder und Videos anzeigen.<\/p>\n\n\n\n<p>Durch den Aufruf von Seiten die solche Funktionen nutzen werden Daten\n (IP-Adresse, Browserdaten, Datum, Uhrzeit, Cookies) an Instagram \n\u00fcbermittelt, gespeichert und ausgewertet.<\/p>\n\n\n\n<p>Sollten Sie ein Instagram-Konto haben und angemeldet sein, werden \ndiese Daten Ihrem pers\u00f6nlichen Konto und den darin gespeicherten Daten \nzugeordnet.<\/p>\n\n\n\n<p>Die Datenschutzrichtlinien, welche Informationen Instagram sammelt und wie sie diese verwenden finden Sie auf <a href=\"https:\/\/help.instagram.com\/519522125107875?tid=321099994\" target=\"_blank\" rel=\"noreferrer noopener\">https:\/\/help.instagram.com\/519522125107875<\/a>.<\/p>\n\n\n\n<h2 class=\"wp-block-heading\">Facebook-Pixel Datenschutzerkl\u00e4rung<\/h2>\n\n\n\n<p>Wir\n verwenden auf dieser Webseite das Facebook Pixel&nbsp;von Facebook, einem \nSocial Media Network der Firma Facebook Ireland Ltd., 4 Grand Canal \nSquare, Grand Canal Harbour, Dublin 2 Ireland.<\/p>\n\n\n\n<p>Der auf dieser Seite implementierte Code kann das Verhalten der \nBesucher auswerten, welche von einer Facebook-Werbung auf diese Webseite\n gelangt sind. Dies kann zur Verbesserung von Facebook-Werbeanzeigen \ngenutzt werden und diese Daten werden von Facebook erfasst und \ngespeichert. Die erfassten Daten sind f\u00fcr uns nicht einsehbar sondern \nnur im Rahmen von Werbeanzeigenschaltungen nutzbar. Durch den Einsatz \ndes Facebook-Pixel-Codes werden auch Cookies gesetzt.<\/p>\n\n\n\n<p>Durch die Nutzung des Facebook-Pixels wird der Besuch dieser Webseite\n Facebook mitgeteilt, damit Besucher auf Facebook passende Anzeigen zu \nsehen bekommen. Wenn Sie ein Facebook-Konto besitzen und angemeldet \nsind, wird der Besuch dieser Webseite Ihrem Facebook-Benutzerkonto \nzugeordnet.<\/p>\n\n\n\n<p>Wie das Facebook-Pixel f\u00fcr Werbekampagnen genutzt wird, erfahren Sie auf&nbsp;<a href=\"https:\/\/www.facebook.com\/business\/learn\/facebook-ads-pixel\" target=\"_blank\" rel=\"noreferrer noopener\">https:\/\/www.facebook.com\/business\/learn\/facebook-ads-pixel<\/a>.<\/p>\n\n\n\n<p>Sie k\u00f6nnen Ihre Einstellungen f\u00fcr Werbeanzeigen in Facebook auf&nbsp;<a href=\"https:\/\/www.facebook.com\/ads\/preferences\/?entry_product=ad_settings_screen\" target=\"_blank\" rel=\"noreferrer noopener\">https:\/\/www.facebook.com\/ads\/preferences\/?entry_product=ad_settings_screen<\/a>&nbsp;ver\u00e4ndern,\n sofern Sie in Facebook angemeldet sind. \nAuf&nbsp;http:\/\/www.youronlinechoices.com\/de\/praferenzmanagement\/ k\u00f6nnen \nSie&nbsp;Ihre Pr\u00e4ferenzen hinsichtlich nutzungsbasierter Online-Werbung \nverwalten.&nbsp;Sie k\u00f6nnen dort viele Anbieter auf einmal deaktivieren oder \naktivieren oder die Einstellungen f\u00fcr einzelne Anbieter vornehmen.<\/p>\n\n\n\n<p>Mehr Informationen zur Datenrichtlinie von Facebook finden Sie auf&nbsp;<a href=\"https:\/\/www.facebook.com\/policy.php\" target=\"_blank\" rel=\"noreferrer noopener\">https:\/\/www.facebook.com\/policy.php<\/a>.<\/p>\n\n\n\n<p>Quelle: Erstellt&nbsp;mit dem&nbsp;Datenschutz Generator von <a href=\"https:\/\/www.adsimple.de\/datenschutz-generator\/\" target=\"_blank\" rel=\"noreferrer noopener\">www.adsimple.de<\/a>&nbsp;in Kooperation mit <a href=\"https:\/\/www.luxurly.de\" target=\"_blank\" rel=\"noreferrer noopener\">luxurly.de<\/a><\/p>\n\n\n\n<p><br><\/p>\n","protected":false},"excerpt":{"rendered":"<p>Informationspflicht laut \u00a7 5 TMG. Andreas Rehwald Landshuterstrasse 7, 84494 Neumarkt Sankt Veit, Deutschland Tel.: 086399853530E-Mail: andy(at)andreas-rehwald.de Quelle: Erstellt&nbsp;mit dem Impressum Generator von Content Marketing AdSimple&nbsp;in Kooperation mit testingly.de EU-Streitschlichtung Gem\u00e4\u00df Verordnung \u00fcber Online-Streitbeilegung in Verbraucherangelegenheiten (ODR-Verordnung) m\u00f6chten wir Sie \u00fcber die Online-Streitbeilegungsplattform (OS-Plattform) informieren. Verbraucher haben die M\u00f6glichkeit, Beschwerden an die Online Streitbeilegungsplattform der&hellip;<\/p>\n","protected":false},"author":1,"featured_media":0,"parent":0,"menu_order":0,"comment_status":"closed","ping_status":"closed","template":"","meta":{"footnotes":""},"class_list":["post-9","page","type-page","status-publish","hentry"],"_links":{"self":[{"href":"http:\/\/andreas-rehwald.de\/index.php?rest_route=\/wp\/v2\/pages\/9","targetHints":{"allow":["GET"]}}],"collection":[{"href":"http:\/\/andreas-rehwald.de\/index.php?rest_route=\/wp\/v2\/pages"}],"about":[{"href":"http:\/\/andreas-rehwald.de\/index.php?rest_route=\/wp\/v2\/types\/page"}],"author":[{"embeddable":true,"href":"http:\/\/andreas-rehwald.de\/index.php?rest_route=\/wp\/v2\/users\/1"}],"replies":[{"embeddable":true,"href":"http:\/\/andreas-rehwald.de\/index.php?rest_route=%2Fwp%2Fv2%2Fcomments&post=9"}],"version-history":[{"count":1,"href":"http:\/\/andreas-rehwald.de\/index.php?rest_route=\/wp\/v2\/pages\/9\/revisions"}],"predecessor-version":[{"id":10,"href":"http:\/\/andreas-rehwald.de\/index.php?rest_route=\/wp\/v2\/pages\/9\/revisions\/10"}],"wp:attachment":[{"href":"http:\/\/andreas-rehwald.de\/index.php?rest_route=%2Fwp%2Fv2%2Fmedia&parent=9"}],"curies":[{"name":"wp","href":"https:\/\/api.w.org\/{rel}","templated":true}]}}